{"id":1672,"date":"2022-09-20T13:37:34","date_gmt":"2022-09-20T13:37:34","guid":{"rendered":"https:\/\/naturapsique.com\/?page_id=1672"},"modified":"2022-11-07T14:59:41","modified_gmt":"2022-11-07T14:59:41","slug":"elementor-1672","status":"publish","type":"page","link":"https:\/\/naturapsique.com\/index.php\/elementor-1672\/","title":{"rendered":"ATENCION  ADULTOS"},"content":{"rendered":"\t\t<div data-elementor-type=\"wp-page\" data-elementor-id=\"1672\" class=\"elementor elementor-1672\">\n\t\t\t\t\t\t\t\t\t<section class=\"elementor-section elementor-top-section elementor-element elementor-element-d8089f8 elementor-section-boxed elementor-section-height-default elementor-section-height-default\" data-id=\"d8089f8\" data-element_type=\"section\">\n\t\t\t\t\t\t<div class=\"elementor-container elementor-column-gap-default\">\n\t\t\t\t\t<div class=\"elementor-column elementor-col-100 elementor-top-column elementor-element elementor-element-ba9c8ba\" data-id=\"ba9c8ba\" data-element_type=\"column\">\n\t\t\t<div class=\"elementor-widget-wrap elementor-element-populated\">\n\t\t\t\t\t\t\t\t<div class=\"elementor-element elementor-element-1315eb3 elementor-widget elementor-widget-heading\" data-id=\"1315eb3\" data-element_type=\"widget\" data-widget_type=\"heading.default\">\n\t\t\t\t<div class=\"elementor-widget-container\">\n\t\t\t<style>\/*! elementor - v3.7.4 - 31-08-2022 *\/\n.elementor-heading-title{padding:0;margin:0;line-height:1}.elementor-widget-heading .elementor-heading-title[class*=elementor-size-]>a{color:inherit;font-size:inherit;line-height:inherit}.elementor-widget-heading .elementor-heading-title.elementor-size-small{font-size:15px}.elementor-widget-heading .elementor-heading-title.elementor-size-medium{font-size:19px}.elementor-widget-heading .elementor-heading-title.elementor-size-large{font-size:29px}.elementor-widget-heading .elementor-heading-title.elementor-size-xl{font-size:39px}.elementor-widget-heading .elementor-heading-title.elementor-size-xxl{font-size:59px}<\/style><h2 class=\"elementor-heading-title elementor-size-default\">PSICOTERAPIA ADULTOS<\/h2>\t\t<\/div>\n\t\t\t\t<\/div>\n\t\t\t\t\t<\/div>\n\t\t<\/div>\n\t\t\t\t\t\t\t<\/div>\n\t\t<\/section>\n\t\t\t\t<section class=\"elementor-section elementor-top-section elementor-element elementor-element-ac86b44 elementor-section-boxed elementor-section-height-default elementor-section-height-default\" data-id=\"ac86b44\" data-element_type=\"section\">\n\t\t\t\t\t\t<div class=\"elementor-container elementor-column-gap-default\">\n\t\t\t\t\t<div class=\"elementor-column elementor-col-100 elementor-top-column elementor-element elementor-element-726ee33\" data-id=\"726ee33\" data-element_type=\"column\">\n\t\t\t<div class=\"elementor-widget-wrap elementor-element-populated\">\n\t\t\t\t\t\t\t\t<section class=\"elementor-section elementor-inner-section elementor-element elementor-element-0eb06b3 elementor-section-boxed elementor-section-height-default elementor-section-height-default\" data-id=\"0eb06b3\" data-element_type=\"section\">\n\t\t\t\t\t\t<div class=\"elementor-container elementor-column-gap-default\">\n\t\t\t\t\t<div class=\"elementor-column elementor-col-100 elementor-inner-column elementor-element elementor-element-2d71c37\" data-id=\"2d71c37\" data-element_type=\"column\">\n\t\t\t<div class=\"elementor-widget-wrap elementor-element-populated\">\n\t\t\t\t\t\t\t\t<div class=\"elementor-element elementor-element-cf7cd41 elementor-widget elementor-widget-image\" data-id=\"cf7cd41\" data-element_type=\"widget\" data-widget_type=\"image.default\">\n\t\t\t\t<div class=\"elementor-widget-container\">\n\t\t\t<style>\/*! elementor - v3.7.4 - 31-08-2022 *\/\n.elementor-widget-image{text-align:center}.elementor-widget-image a{display:inline-block}.elementor-widget-image a img[src$=\".svg\"]{width:48px}.elementor-widget-image img{vertical-align:middle;display:inline-block}<\/style>\t\t\t\t\t\t\t\t\t\t\t\t<img loading=\"lazy\" decoding=\"async\" width=\"300\" height=\"300\" src=\"https:\/\/naturapsique.com\/wp-content\/uploads\/2022\/09\/psychology-mind-thoughts-2422442-300x300.png\" class=\"attachment-medium size-medium\" alt=\"psychology, mind, thoughts-2422442.jpg\" srcset=\"https:\/\/naturapsique.com\/wp-content\/uploads\/2022\/09\/psychology-mind-thoughts-2422442-300x300.png 300w, https:\/\/naturapsique.com\/wp-content\/uploads\/2022\/09\/psychology-mind-thoughts-2422442-1024x1024.png 1024w, https:\/\/naturapsique.com\/wp-content\/uploads\/2022\/09\/psychology-mind-thoughts-2422442-150x150.png 150w, https:\/\/naturapsique.com\/wp-content\/uploads\/2022\/09\/psychology-mind-thoughts-2422442-768x768.png 768w, https:\/\/naturapsique.com\/wp-content\/uploads\/2022\/09\/psychology-mind-thoughts-2422442-80x80.png 80w, https:\/\/naturapsique.com\/wp-content\/uploads\/2022\/09\/psychology-mind-thoughts-2422442.png 1280w\" sizes=\"auto, (max-width: 300px) 100vw, 300px\" \/>\t\t\t\t\t\t\t\t\t\t\t\t\t\t\t<\/div>\n\t\t\t\t<\/div>\n\t\t\t\t<div class=\"elementor-element elementor-element-d65d5ed elementor-widget elementor-widget-text-editor\" data-id=\"d65d5ed\" data-element_type=\"widget\" data-widget_type=\"text-editor.default\">\n\t\t\t\t<div class=\"elementor-widget-container\">\n\t\t\t<style>\/*! elementor - v3.7.4 - 31-08-2022 *\/\n.elementor-widget-text-editor.elementor-drop-cap-view-stacked .elementor-drop-cap{background-color:#818a91;color:#fff}.elementor-widget-text-editor.elementor-drop-cap-view-framed .elementor-drop-cap{color:#818a91;border:3px solid;background-color:transparent}.elementor-widget-text-editor:not(.elementor-drop-cap-view-default) .elementor-drop-cap{margin-top:8px}.elementor-widget-text-editor:not(.elementor-drop-cap-view-default) .elementor-drop-cap-letter{width:1em;height:1em}.elementor-widget-text-editor .elementor-drop-cap{float:left;text-align:center;line-height:1;font-size:50px}.elementor-widget-text-editor .elementor-drop-cap-letter{display:inline-block}<\/style>\t\t\t\t<p style=\"text-align: center;\">Hay momentos en la vida que nos sentimos sobrepasados con las circunstancias, esto puede derivar&nbsp; en&nbsp; diferentes sintomatolog\u00edas (ansiedad, dolores en el cuerpo, dificultad para concentrase y dormir, apat\u00eda y debilidad, confusi\u00f3n, malestar emocional, estados depresivos,&nbsp; entre muchos otros).<\/p>\n<p style=\"text-align: center;\">\n<\/p><p style=\"text-align: center;\">Estos eventos actuales pueden estar afect\u00e1ndonos en mayor o menor medida &nbsp; por nuestras caracter\u00edsticas personales y nuestra historia de vida.&nbsp; Trabajar acompa\u00f1ados sobre estos aspectos puede ser de gran ayuda, por eso en un proceso psicoterap\u00e9utico se crear\u00e1 un espacio para revisar y trabajar conjuntamente con un especialista lo que nos sucede y as\u00ed encontrar juntos las claves que nos har\u00e1n adaptarnos, aceptar y cuidarnos nuevamente.<\/p>\n<p style=\"text-align: center;\">\n<\/p><p style=\"text-align: center;\"><em><strong>&nbsp;<\/strong><\/em><\/p>\n<p style=\"text-align: center;\"><em><strong>\u00bfC\u00f3mo trabajaremos?<\/strong><\/em><\/p>\n<p style=\"text-align: center;\">1. Revisaremos&nbsp;&nbsp; el malestar que te afecta,&nbsp; tus pensamientos, conductas, emociones&nbsp; o situaci\u00f3n&nbsp; de vida actual.<\/p>\n<p style=\"text-align: center;\">\n<\/p><p style=\"text-align: center;\">2. Crearemos un espacio c\u00e1lido donde te sientas, escuchado, comprendido, sin cr\u00edticas ni juicios, que favorezca un proceso terap\u00e9utico de confianza donde podamos trabajar en base a unos objetivos que se marcar\u00e1n al inicio del tratamiento.<\/p>\n<p style=\"text-align: center;\">\n<\/p><p style=\"text-align: center;\">3. A trav\u00e9s de las sesiones lograremos no s\u00f3lo en aliviar el sufrimiento, sino hacer una comprensi\u00f3n, aceptaci\u00f3n y conocimiento sobre ti, tu historia personal y tus v\u00ednculos, pero siempre enfocados en el presente, creando cambios congruentes con los objetivos planteados.<\/p>\t\t\t\t\t\t<\/div>\n\t\t\t\t<\/div>\n\t\t\t\t\t<\/div>\n\t\t<\/div>\n\t\t\t\t\t\t\t<\/div>\n\t\t<\/section>\n\t\t\t\t<div class=\"elementor-element elementor-element-04cbb8f elementor-align-center elementor-widget elementor-widget-button\" data-id=\"04cbb8f\" data-element_type=\"widget\" data-widget_type=\"button.default\">\n\t\t\t\t<div class=\"elementor-widget-container\">\n\t\t\t\t\t<div class=\"elementor-button-wrapper\">\n\t\t\t<a href=\"https:\/\/naturapsique.com\/index.php\/contact\/\" class=\"elementor-button-link elementor-button elementor-size-sm\" role=\"button\">\n\t\t\t\t\t\t<span class=\"elementor-button-content-wrapper\">\n\t\t\t\t\t\t<span class=\"elementor-button-text\">QUIERO INFORMACI\u00d3N<\/span>\n\t\t<\/span>\n\t\t\t\t\t<\/a>\n\t\t<\/div>\n\t\t\t\t<\/div>\n\t\t\t\t<\/div>\n\t\t\t\t\t<\/div>\n\t\t<\/div>\n\t\t\t\t\t\t\t<\/div>\n\t\t<\/section>\n\t\t\t\t<section class=\"elementor-section elementor-top-section elementor-element elementor-element-1a8d66d elementor-section-boxed elementor-section-height-default elementor-section-height-default\" data-id=\"1a8d66d\" data-element_type=\"section\">\n\t\t\t\t\t\t<div class=\"elementor-container elementor-column-gap-default\">\n\t\t\t\t\t<div class=\"elementor-column elementor-col-100 elementor-top-column elementor-element elementor-element-09bc5fc\" data-id=\"09bc5fc\" data-element_type=\"column\">\n\t\t\t<div class=\"elementor-widget-wrap elementor-element-populated\">\n\t\t\t\t\t\t\t\t<div class=\"elementor-element elementor-element-3910593 elementor-widget elementor-widget-heading\" data-id=\"3910593\" data-element_type=\"widget\" data-widget_type=\"heading.default\">\n\t\t\t\t<div class=\"elementor-widget-container\">\n\t\t\t<h3 class=\"elementor-heading-title elementor-size-default\">\"Este ser\u00e1 tu espacio de conocimiento y cuidado\" <\/h3>\t\t<\/div>\n\t\t\t\t<\/div>\n\t\t\t\t\t<\/div>\n\t\t<\/div>\n\t\t\t\t\t\t\t<\/div>\n\t\t<\/section>\n\t\t\t\t<section class=\"elementor-section elementor-top-section elementor-element elementor-element-60d975b elementor-section-boxed elementor-section-height-default elementor-section-height-default\" data-id=\"60d975b\" data-element_type=\"section\">\n\t\t\t\t\t\t<div class=\"elementor-container elementor-column-gap-default\">\n\t\t\t\t\t<div class=\"elementor-column elementor-col-100 elementor-top-column elementor-element elementor-element-33dbd55\" data-id=\"33dbd55\" data-element_type=\"column\">\n\t\t\t<div class=\"elementor-widget-wrap elementor-element-populated\">\n\t\t\t\t\t\t\t\t<div class=\"elementor-element elementor-element-f965d7b elementor-widget elementor-widget-spacer\" data-id=\"f965d7b\" data-element_type=\"widget\" data-widget_type=\"spacer.default\">\n\t\t\t\t<div class=\"elementor-widget-container\">\n\t\t\t<style>\/*! elementor - v3.7.4 - 31-08-2022 *\/\n.elementor-column .elementor-spacer-inner{height:var(--spacer-size)}.e-container{--container-widget-width:100%}.e-container>.elementor-widget-spacer{width:var(--container-widget-width,var(--spacer-size));-ms-flex-item-align:stretch;align-self:stretch;-ms-flex-negative:0;flex-shrink:0}.e-container>.elementor-widget-spacer>.elementor-widget-container,.e-container>.elementor-widget-spacer>.elementor-widget-container>.elementor-spacer{height:100%}.e-container>.elementor-widget-spacer>.elementor-widget-container>.elementor-spacer>.elementor-spacer-inner{height:var(--container-widget-height,var(--spacer-size))}<\/style>\t\t<div class=\"elementor-spacer\">\n\t\t\t<div class=\"elementor-spacer-inner\"><\/div>\n\t\t<\/div>\n\t\t\t\t<\/div>\n\t\t\t\t<\/div>\n\t\t\t\t<div class=\"elementor-element elementor-element-48747cc elementor-view-default elementor-widget elementor-widget-icon\" data-id=\"48747cc\" data-element_type=\"widget\" data-widget_type=\"icon.default\">\n\t\t\t\t<div class=\"elementor-widget-container\">\n\t\t\t\t\t<div class=\"elementor-icon-wrapper\">\n\t\t\t<div class=\"elementor-icon\">\n\t\t\t<i aria-hidden=\"true\" class=\"far fa-calendar-alt\"><\/i>\t\t\t<\/div>\n\t\t<\/div>\n\t\t\t\t<\/div>\n\t\t\t\t<\/div>\n\t\t\t\t<div class=\"elementor-element elementor-element-a57abc3 elementor-widget elementor-widget-heading\" data-id=\"a57abc3\" data-element_type=\"widget\" data-widget_type=\"heading.default\">\n\t\t\t\t<div class=\"elementor-widget-container\">\n\t\t\t<h3 class=\"elementor-heading-title elementor-size-default\">Solicitar una sesi\u00f3n<\/h3>\t\t<\/div>\n\t\t\t\t<\/div>\n\t\t\t\t<div class=\"elementor-element elementor-element-0be02b8 elementor-widget elementor-widget-wpforms\" data-id=\"0be02b8\" data-element_type=\"widget\" data-widget_type=\"wpforms.default\">\n\t\t\t\t<div class=\"elementor-widget-container\">\n\t\t\t<div class=\"wpforms-container \" id=\"wpforms-134\"><form id=\"wpforms-form-134\" class=\"wpforms-validate wpforms-form wpforms-ajax-form\" data-formid=\"134\" method=\"post\" enctype=\"multipart\/form-data\" action=\"\/index.php\/wp-json\/wp\/v2\/pages\/1672\" data-token=\"9b5f48c9a6a5ed74f1e498ec8837f0d4\"><noscript class=\"wpforms-error-noscript\">Por favor, activa JavaScript en tu navegador para completar este formulario.<\/noscript><div class=\"wpforms-field-container\"><div id=\"wpforms-134-field_0-container\" class=\"wpforms-field wpforms-field-name\" data-field-id=\"0\"><label class=\"wpforms-field-label\" for=\"wpforms-134-field_0\">NOMBRE <span class=\"wpforms-required-label\">*<\/span><\/label><input type=\"text\" id=\"wpforms-134-field_0\" class=\"wpforms-field-large wpforms-field-required\" name=\"wpforms[fields][0]\" placeholder=\"Your Name\" required><\/div><div id=\"wpforms-134-field_4-container\" class=\"wpforms-field wpforms-field-name\" data-field-id=\"4\"><label class=\"wpforms-field-label\" for=\"wpforms-134-field_4\">TEL\u00c9FONO <span class=\"wpforms-required-label\">*<\/span><\/label><input type=\"text\" id=\"wpforms-134-field_4\" class=\"wpforms-field-large wpforms-field-required\" name=\"wpforms[fields][4]\" placeholder=\"Your Name\" required><\/div><div id=\"wpforms-134-field_1-container\" class=\"wpforms-field wpforms-field-email\" data-field-id=\"1\"><label class=\"wpforms-field-label\" for=\"wpforms-134-field_1\">EMAIL  <span class=\"wpforms-required-label\">*<\/span><\/label><input type=\"email\" id=\"wpforms-134-field_1\" class=\"wpforms-field-large wpforms-field-required\" name=\"wpforms[fields][1]\" placeholder=\"Your Email\" required><\/div><div id=\"wpforms-134-field_2-container\" class=\"wpforms-field wpforms-field-textarea\" data-field-id=\"2\"><label class=\"wpforms-field-label\" for=\"wpforms-134-field_2\">MENSAJE<\/label><textarea id=\"wpforms-134-field_2\" class=\"wpforms-field-medium\" name=\"wpforms[fields][2]\" placeholder=\"Message\" ><\/textarea><\/div><div id=\"wpforms-134-field_6-container\" class=\"wpforms-field wpforms-field-checkbox\" data-field-id=\"6\"><label class=\"wpforms-field-label\" for=\"wpforms-134-field_6\">Casillas de verificaci\u00f3n<\/label><ul id=\"wpforms-134-field_6\"><li class=\"choice-1 depth-1\"><input type=\"checkbox\" id=\"wpforms-134-field_6_1\" name=\"wpforms[fields][6][]\" value=\"He le\u00eddo y acepto la pol\u00edtica de privacidad\"  ><label class=\"wpforms-field-label-inline\" for=\"wpforms-134-field_6_1\">He le\u00eddo y acepto la pol\u00edtica de privacidad<\/label><\/li><\/ul><div class=\"wpforms-field-description wpforms-disclaimer-description\">Informaci\u00f3n protecci\u00f3n de datos Tu nombre y apellidos.<br \/>\r\n<br \/>\r\nFinalidades: Responder a sus solicitudes y remitirle informaci\u00f3n comercial de nuestros productos y servicios, incluso por correo electr\u00f3nico.<br \/>\r\nLegitimaci\u00f3n: Consentimiento del interesado.<br \/>\r\nDestinatarios: No est\u00e1n previstas cesiones de datos.<br \/>\r\nDerechos: Puede retirar su consentimiento en cualquier momento, as\u00ed como acceder, rectificar, suprimir sus datos y dem\u00e1s derechos en tudirecciondecorreo.<br \/>\r\nInformaci\u00f3n adicional: Puede ampliar la informaci\u00f3n en el enlace de Avisos Legales.<\/div><\/div><\/div><div class=\"wpforms-submit-container\"><input type=\"hidden\" name=\"wpforms[id]\" value=\"134\"><input type=\"hidden\" name=\"wpforms[author]\" value=\"1\"><button type=\"submit\" name=\"wpforms[submit]\" id=\"wpforms-submit-134\" class=\"wpforms-submit\" data-alt-text=\"Sending...\" data-submit-text=\"Enviar mensaje\" aria-live=\"assertive\" value=\"wpforms-submit\">Enviar mensaje<\/button><img loading=\"lazy\" decoding=\"async\" src=\"https:\/\/naturapsique.com\/wp-content\/plugins\/wpforms-lite\/assets\/images\/submit-spin.svg\" class=\"wpforms-submit-spinner\" style=\"display: none;\" width=\"26\" height=\"26\" alt=\"Cargando\"><\/div><\/form><\/div>  <!-- .wpforms-container -->\t\t<\/div>\n\t\t\t\t<\/div>\n\t\t\t\t\t<\/div>\n\t\t<\/div>\n\t\t\t\t\t\t\t<\/div>\n\t\t<\/section>\n\t\t\t\t\t\t\t<\/div>\n\t\t","protected":false},"excerpt":{"rendered":"<p>PSICOTERAPIA ADULTOS Hay momentos en la vida que nos sentimos sobrepasados con las circunstancias, esto puede derivar&nbsp; en&nbsp; diferentes sintomatolog\u00edas (ansiedad, dolores en el cuerpo, dificultad para concentrase y dormir, apat\u00eda y debilidad, confusi\u00f3n, malestar emocional, estados depresivos,&nbsp; entre muchos otros). Estos eventos actuales pueden estar afect\u00e1ndonos en mayor o menor medida &nbsp; por nuestras &hellip;<\/p>\n<p class=\"read-more\"> <a class=\"\" href=\"https:\/\/naturapsique.com\/index.php\/elementor-1672\/\"> <span class=\"screen-reader-text\">ATENCION  ADULTOS<\/span> Leer m\u00e1s &raquo;<\/a><\/p>\n","protected":false},"author":1,"featured_media":0,"parent":0,"menu_order":0,"comment_status":"closed","ping_status":"closed","template":"","meta":{"_monsterinsights_skip_tracking":false,"_monsterinsights_sitenote_active":false,"_monsterinsights_sitenote_note":"","_monsterinsights_sitenote_category":0,"site-sidebar-layout":"no-sidebar","site-content-layout":"page-builder","ast-global-header-display":"","ast-main-header-display":"","ast-hfb-above-header-display":"","ast-hfb-below-header-display":"","ast-hfb-mobile-header-display":"","site-post-title":"disabled","ast-breadcrumbs-content":"","ast-featured-img":"disabled","footer-sml-layout":"","theme-transparent-header-meta":"","adv-header-id-meta":"","stick-header-meta":"","header-above-stick-meta":"","header-main-stick-meta":"","header-below-stick-meta":"","footnotes":""},"class_list":["post-1672","page","type-page","status-publish","hentry"],"aioseo_notices":[],"_links":{"self":[{"href":"https:\/\/naturapsique.com\/index.php\/wp-json\/wp\/v2\/pages\/1672","targetHints":{"allow":["GET"]}}],"collection":[{"href":"https:\/\/naturapsique.com\/index.php\/wp-json\/wp\/v2\/pages"}],"about":[{"href":"https:\/\/naturapsique.com\/index.php\/wp-json\/wp\/v2\/types\/page"}],"author":[{"embeddable":true,"href":"https:\/\/naturapsique.com\/index.php\/wp-json\/wp\/v2\/users\/1"}],"replies":[{"embeddable":true,"href":"https:\/\/naturapsique.com\/index.php\/wp-json\/wp\/v2\/comments?post=1672"}],"version-history":[{"count":39,"href":"https:\/\/naturapsique.com\/index.php\/wp-json\/wp\/v2\/pages\/1672\/revisions"}],"predecessor-version":[{"id":1935,"href":"https:\/\/naturapsique.com\/index.php\/wp-json\/wp\/v2\/pages\/1672\/revisions\/1935"}],"wp:attachment":[{"href":"https:\/\/naturapsique.com\/index.php\/wp-json\/wp\/v2\/media?parent=1672"}],"curies":[{"name":"wp","href":"https:\/\/api.w.org\/{rel}","templated":true}]}}