{"id":1770,"date":"2022-11-07T09:06:44","date_gmt":"2022-11-07T09:06:44","guid":{"rendered":"https:\/\/naturapsique.com\/?page_id=1770"},"modified":"2023-03-13T19:09:44","modified_gmt":"2023-03-13T19:09:44","slug":"atencion-ninos-y-adolescentes","status":"publish","type":"page","link":"https:\/\/naturapsique.com\/index.php\/atencion-ninos-y-adolescentes\/","title":{"rendered":"ATENCI\u00d3N NI\u00d1OS Y ADOLESCENTES"},"content":{"rendered":"<style>\/*! elementor - v3.7.4 - 31-08-2022 *\/<br \/>\n.elementor-heading-title{padding:0;margin:0;line-height:1}.elementor-widget-heading .elementor-heading-title[class*=elementor-size-]>a{color:inherit;font-size:inherit;line-height:inherit}.elementor-widget-heading .elementor-heading-title.elementor-size-small{font-size:15px}.elementor-widget-heading .elementor-heading-title.elementor-size-medium{font-size:19px}.elementor-widget-heading .elementor-heading-title.elementor-size-large{font-size:29px}.elementor-widget-heading .elementor-heading-title.elementor-size-xl{font-size:39px}.elementor-widget-heading .elementor-heading-title.elementor-size-xxl{font-size:59px}<\/style>\n<h2>ASESORAMIENTO PSICOL\u00d3GICO  INFANTO- JUVENIL<\/h2>\n<h2>Atenci\u00f3n ni\u00f1os<\/h2>\n<style>\/*! elementor - v3.7.4 - 31-08-2022 *\/<br \/>\n.elementor-widget-image{text-align:center}.elementor-widget-image a{display:inline-block}.elementor-widget-image a img[src$=\".svg\"]{width:48px}.elementor-widget-image img{vertical-align:middle;display:inline-block}<\/style>\n<p>\t\t\t\t\t\t\t\t\t\t\t\t<img decoding=\"async\" src=\"http:\/\/naturapsique.com\/wp-content\/uploads\/2022\/10\/children-faces-expressions-5672087-921x1024.png\" alt=\"children, faces, expressions-5672087.jpg\" loading=\"lazy\" srcset=\"https:\/\/naturapsique.com\/wp-content\/uploads\/2022\/10\/children-faces-expressions-5672087-921x1024.png 921w, https:\/\/naturapsique.com\/wp-content\/uploads\/2022\/10\/children-faces-expressions-5672087-270x300.png 270w, https:\/\/naturapsique.com\/wp-content\/uploads\/2022\/10\/children-faces-expressions-5672087-768x854.png 768w, https:\/\/naturapsique.com\/wp-content\/uploads\/2022\/10\/children-faces-expressions-5672087.png 1151w\" sizes=\"auto, (max-width: 921px) 100vw, 921px\" width=\"921\" height=\"1024\"><\/p>\n<p style=\"text-align: center;\">Dependiendo de la edad del ni\u00f1o o ni\u00f1a tendr\u00e1 mayor o menor capacidad para expresar sus emociones o malestar, es por ello que como padres o cuidadores debemos estar atentos a las se\u00f1ales que nos pueden advertir que existe un dificultad o problema en el infante.&nbsp; Por ejemplo ciertas situaciones vitales (muertes, migraciones, enfermedades, cambios, separaciones, problemas en el cole,&nbsp; etc)&nbsp; podr\u00e1n resultar para el peque&nbsp; eventos confusos, desbordantes e incluso dependiendo de la situaci\u00f3n traum\u00e1ticos.<\/p>\n<p style=\"text-align: center;\">Algunas de las manifestaciones a tener en cuenta podr\u00edan ser:<\/p>\n<ul style=\"text-align: center;\">\n<li>Dificultades en la atenci\u00f3n y concentraci\u00f3n, proceso de aprendizaje y lenguaje.<\/li>\n<li>Hiperactividad, reacciones agresivas, dificultades para conciliar el sue\u00f1o, pesadillas frecuentes,&nbsp; cambios en su comportamiento usual,&nbsp;&nbsp; malestares f\u00edsicos (dolor de est\u00f3mago, cabeza, etc)<\/li>\n<li>Des\u00e1nimo, irritabilidad, ausencia de respuesta emocional, aislamiento, retraimiento, problema de relaci\u00f3n con sus iguales y\/o adultos.<\/li>\n<\/ul>\n<p style=\"text-align: center;\">El acompa\u00f1amiento psicol\u00f3gio con <em><strong>los&nbsp;ni\u00f1os<\/strong><\/em>&nbsp; se realizar\u00e1 a trav\u00e9s del juego, actividades creativas y art\u00edsticas, formas en que los ni\u00f1os y ni\u00f1as&nbsp; pueden mostrar&nbsp; su&nbsp; propio mundo interior, de esta manera se lograr\u00e1 movilizar sus&nbsp; recursos y acompa\u00f1arlos a transitar aquello que les est\u00e1 afectando, contando siempre con el apoyo e intervenci\u00f3n con grupo familia<\/p>\n<p>\t\t\t<a href=\"https:\/\/naturapsique.com\/index.php\/contact\/\" role=\"button\"><br \/>\nSolicitar cita<br \/>\n<\/a><\/p>\n<h2>Atenci\u00f3n adolescentes<\/h2>\n<p><img decoding=\"async\" src=\"http:\/\/naturapsique.com\/wp-content\/uploads\/2022\/09\/mental-health-abstract-anatomy-3285625-1024x512.png\" alt=\"mental health, abstract, anatomy-3285625.jpg\" loading=\"lazy\" srcset=\"https:\/\/naturapsique.com\/wp-content\/uploads\/2022\/09\/mental-health-abstract-anatomy-3285625-1024x512.png 1024w, https:\/\/naturapsique.com\/wp-content\/uploads\/2022\/09\/mental-health-abstract-anatomy-3285625-300x150.png 300w, https:\/\/naturapsique.com\/wp-content\/uploads\/2022\/09\/mental-health-abstract-anatomy-3285625-768x384.png 768w, https:\/\/naturapsique.com\/wp-content\/uploads\/2022\/09\/mental-health-abstract-anatomy-3285625.png 1280w\" sizes=\"auto, (max-width: 1024px) 100vw, 1024px\" width=\"1024\" height=\"512\"><\/p>\n<p style=\"text-align: center;\">La <em><strong>adolescencia<\/strong><\/em> es una etapa maravillosa de crecimiento, transformaci\u00f3n y b\u00fasqueda de la integraci\u00f3n de la identidad.<\/p>\n<p style=\"text-align: center;\">\n<p style=\"text-align: center;\">Todos estos cambios pueden producir que el adolescente tenga momentos de incertidumbre, cambios de conducta y no pueda manejar adecuadamente sus emociones. Esta es una etapa de riesgo, ya que&nbsp; suelen comportarse de forma impulsiva, con lo cual entender lo que sucede y saberlos <strong>acompa\u00f1ar<\/strong> es fundamental.<\/p>\n<p style=\"text-align: center;\">\n<p style=\"text-align: center;\">\n<p style=\"text-align: center;\">El asesoramiento psicol\u00f3gico con los<em><strong>&nbsp;j\u00f3venes<\/strong><\/em>, se enfocar\u00e1 en que ellos logren tener&nbsp; un espacio de confianza, comprensi\u00f3n y expresi\u00f3n de lo que est\u00e1n atravesando:<\/p>\n<p style=\"text-align: center;\">\u00bfqu\u00e9 les&nbsp; pasa?, \u00bfqu\u00e9 est\u00e1n sintiendo?, \u00bfc\u00f3mo pueden gestionar mejor eso que experimentan en esta etapa de la vida?, entre otras preguntas que se ir\u00e1n trabajando de forma cercana y creativa, a trav\u00e9s de diferentes actividades l\u00fadicas, logrando un espacio para el di\u00e1logo, narrativa&nbsp; y comprensi\u00f3n que derive en su bienestar.<\/p>\n<p style=\"text-align: center;\">\n<p style=\"text-align: center;\">De igual forma que se trabaja con el joven, tambi\u00e9n se abrir\u00e1 un espacio de atenci\u00f3n a la familia, de esta manera se busca&nbsp; hacer un trabajo en conjunto para apoyar al joven en esta compleja pero maravillosa etapa.<\/p>\n<h3>&#8220;EL TRABAJO CON LA FAMILIA ES PRIMORDIAL&#8221;<\/h3>\n<p style=\"text-align: center;\">Con&nbsp;<em><strong>las familias<\/strong><\/em>, se crear\u00e1 un espacio para acompa\u00f1arles en un proceso para aprender a manejar las dificutades&nbsp; que ocurran dentro del grupo familiar,&nbsp; en la pareja, o con el proceso&nbsp; la crianza de los hijos<\/p>\n<p>\t\t\t<a href=\"https:\/\/naturapsique.com\/index.php\/contact\/\" role=\"button\"><br \/>\nSolicitar mayor informaci\u00f3n<br \/>\n<\/a><\/p>\n<style>\/*! elementor - v3.7.4 - 31-08-2022 *\/<br \/>\n.elementor-column .elementor-spacer-inner{height:var(--spacer-size)}.e-container{--container-widget-width:100%}.e-container>.elementor-widget-spacer{width:var(--container-widget-width,var(--spacer-size));-ms-flex-item-align:stretch;align-self:stretch;-ms-flex-negative:0;flex-shrink:0}.e-container>.elementor-widget-spacer>.elementor-widget-container,.e-container>.elementor-widget-spacer>.elementor-widget-container>.elementor-spacer{height:100%}.e-container>.elementor-widget-spacer>.elementor-widget-container>.elementor-spacer>.elementor-spacer-inner{height:var(--container-widget-height,var(--spacer-size))}<\/style>\n<h2>\u00bfQuieres solicitar una cita o mayor informaci\u00f3n?<\/h2>\n<div class=\"wpforms-container \" id=\"wpforms-134\"><form id=\"wpforms-form-134\" class=\"wpforms-validate wpforms-form wpforms-ajax-form\" data-formid=\"134\" method=\"post\" enctype=\"multipart\/form-data\" action=\"\/index.php\/wp-json\/wp\/v2\/pages\/1770\" data-token=\"bd3041e9ffd830bedca91d81a68b044a\"><noscript class=\"wpforms-error-noscript\">Por favor, activa JavaScript en tu navegador para completar este formulario.<\/noscript><div class=\"wpforms-field-container\"><div id=\"wpforms-134-field_0-container\" class=\"wpforms-field wpforms-field-name\" data-field-id=\"0\"><label class=\"wpforms-field-label\" for=\"wpforms-134-field_0\">NOMBRE <span class=\"wpforms-required-label\">*<\/span><\/label><input type=\"text\" id=\"wpforms-134-field_0\" class=\"wpforms-field-large wpforms-field-required\" name=\"wpforms[fields][0]\" placeholder=\"Your Name\" required><\/div><div id=\"wpforms-134-field_4-container\" class=\"wpforms-field wpforms-field-name\" data-field-id=\"4\"><label class=\"wpforms-field-label\" for=\"wpforms-134-field_4\">TEL\u00c9FONO <span class=\"wpforms-required-label\">*<\/span><\/label><input type=\"text\" id=\"wpforms-134-field_4\" class=\"wpforms-field-large wpforms-field-required\" name=\"wpforms[fields][4]\" placeholder=\"Your Name\" required><\/div><div id=\"wpforms-134-field_1-container\" class=\"wpforms-field wpforms-field-email\" data-field-id=\"1\"><label class=\"wpforms-field-label\" for=\"wpforms-134-field_1\">EMAIL  <span class=\"wpforms-required-label\">*<\/span><\/label><input type=\"email\" id=\"wpforms-134-field_1\" class=\"wpforms-field-large wpforms-field-required\" name=\"wpforms[fields][1]\" placeholder=\"Your Email\" required><\/div><div id=\"wpforms-134-field_2-container\" class=\"wpforms-field wpforms-field-textarea\" data-field-id=\"2\"><label class=\"wpforms-field-label\" for=\"wpforms-134-field_2\">MENSAJE<\/label><textarea id=\"wpforms-134-field_2\" class=\"wpforms-field-medium\" name=\"wpforms[fields][2]\" placeholder=\"Message\" ><\/textarea><\/div><div id=\"wpforms-134-field_6-container\" class=\"wpforms-field wpforms-field-checkbox\" data-field-id=\"6\"><label class=\"wpforms-field-label\" for=\"wpforms-134-field_6\">Casillas de verificaci\u00f3n<\/label><ul id=\"wpforms-134-field_6\"><li class=\"choice-1 depth-1\"><input type=\"checkbox\" id=\"wpforms-134-field_6_1\" name=\"wpforms[fields][6][]\" value=\"He le\u00eddo y acepto la pol\u00edtica de privacidad\"  ><label class=\"wpforms-field-label-inline\" for=\"wpforms-134-field_6_1\">He le\u00eddo y acepto la pol\u00edtica de privacidad<\/label><\/li><\/ul><div class=\"wpforms-field-description wpforms-disclaimer-description\">Informaci\u00f3n protecci\u00f3n de datos Tu nombre y apellidos.<br \/>\r\n<br \/>\r\nFinalidades: Responder a sus solicitudes y remitirle informaci\u00f3n comercial de nuestros productos y servicios, incluso por correo electr\u00f3nico.<br \/>\r\nLegitimaci\u00f3n: Consentimiento del interesado.<br \/>\r\nDestinatarios: No est\u00e1n previstas cesiones de datos.<br \/>\r\nDerechos: Puede retirar su consentimiento en cualquier momento, as\u00ed como acceder, rectificar, suprimir sus datos y dem\u00e1s derechos en tudirecciondecorreo.<br \/>\r\nInformaci\u00f3n adicional: Puede ampliar la informaci\u00f3n en el enlace de Avisos Legales.<\/div><\/div><\/div><div class=\"wpforms-submit-container\"><input type=\"hidden\" name=\"wpforms[id]\" value=\"134\"><input type=\"hidden\" name=\"wpforms[author]\" value=\"1\"><button type=\"submit\" name=\"wpforms[submit]\" id=\"wpforms-submit-134\" class=\"wpforms-submit\" data-alt-text=\"Sending...\" data-submit-text=\"Enviar mensaje\" aria-live=\"assertive\" value=\"wpforms-submit\">Enviar mensaje<\/button><img loading=\"lazy\" decoding=\"async\" src=\"https:\/\/naturapsique.com\/wp-content\/plugins\/wpforms-lite\/assets\/images\/submit-spin.svg\" class=\"wpforms-submit-spinner\" style=\"display: none;\" width=\"26\" height=\"26\" alt=\"Cargando\"><\/div><\/form><\/div>  <!-- .wpforms-container -->\n","protected":false},"excerpt":{"rendered":"<p>ASESORAMIENTO PSICOL\u00d3GICO INFANTO- JUVENIL Atenci\u00f3n ni\u00f1os Dependiendo de la edad del ni\u00f1o o ni\u00f1a tendr\u00e1 mayor o menor capacidad para expresar sus emociones o malestar, es por ello que como padres o cuidadores debemos estar atentos a las se\u00f1ales que nos pueden advertir que existe un dificultad o problema en el infante.&nbsp; Por ejemplo ciertas &hellip;<\/p>\n<p class=\"read-more\"> <a class=\"\" href=\"https:\/\/naturapsique.com\/index.php\/atencion-ninos-y-adolescentes\/\"> <span class=\"screen-reader-text\">ATENCI\u00d3N NI\u00d1OS Y ADOLESCENTES<\/span> Leer m\u00e1s &raquo;<\/a><\/p>\n","protected":false},"author":1,"featured_media":0,"parent":0,"menu_order":0,"comment_status":"closed","ping_status":"closed","template":"","meta":{"_monsterinsights_skip_tracking":false,"_monsterinsights_sitenote_active":false,"_monsterinsights_sitenote_note":"","_monsterinsights_sitenote_category":0,"site-sidebar-layout":"no-sidebar","site-content-layout":"page-builder","ast-global-header-display":"","ast-main-header-display":"","ast-hfb-above-header-display":"","ast-hfb-below-header-display":"","ast-hfb-mobile-header-display":"","site-post-title":"disabled","ast-breadcrumbs-content":"","ast-featured-img":"disabled","footer-sml-layout":"","theme-transparent-header-meta":"","adv-header-id-meta":"","stick-header-meta":"","header-above-stick-meta":"","header-main-stick-meta":"","header-below-stick-meta":"","footnotes":""},"class_list":["post-1770","page","type-page","status-publish","hentry"],"aioseo_notices":[],"_links":{"self":[{"href":"https:\/\/naturapsique.com\/index.php\/wp-json\/wp\/v2\/pages\/1770","targetHints":{"allow":["GET"]}}],"collection":[{"href":"https:\/\/naturapsique.com\/index.php\/wp-json\/wp\/v2\/pages"}],"about":[{"href":"https:\/\/naturapsique.com\/index.php\/wp-json\/wp\/v2\/types\/page"}],"author":[{"embeddable":true,"href":"https:\/\/naturapsique.com\/index.php\/wp-json\/wp\/v2\/users\/1"}],"replies":[{"embeddable":true,"href":"https:\/\/naturapsique.com\/index.php\/wp-json\/wp\/v2\/comments?post=1770"}],"version-history":[{"count":93,"href":"https:\/\/naturapsique.com\/index.php\/wp-json\/wp\/v2\/pages\/1770\/revisions"}],"predecessor-version":[{"id":1970,"href":"https:\/\/naturapsique.com\/index.php\/wp-json\/wp\/v2\/pages\/1770\/revisions\/1970"}],"wp:attachment":[{"href":"https:\/\/naturapsique.com\/index.php\/wp-json\/wp\/v2\/media?parent=1770"}],"curies":[{"name":"wp","href":"https:\/\/api.w.org\/{rel}","templated":true}]}}